{"id":73,"date":"2019-09-10T15:13:56","date_gmt":"2019-09-10T15:13:56","guid":{"rendered":"https:\/\/sson.is\/selfoss-chess-festival\/?page_id=73"},"modified":"2019-11-03T15:59:05","modified_gmt":"2019-11-03T15:59:05","slug":"playing-schedule","status":"publish","type":"page","link":"https:\/\/sson.is\/selfoss-chess-festival\/playing-schedule\/","title":{"rendered":"Playing Schedule &#8211; Selfoss Chess Festival"},"content":{"rendered":"<table width=\"704\">\n<tbody>\n<tr>\n<td width=\"115\"><strong>DATE<\/strong><\/td>\n<td width=\"99\"><\/td>\n<td width=\"64\"><strong>TIME<\/strong><\/td>\n<td width=\"185\"><strong>WORLD CHAMPIONS TOURNAMENT<\/strong><\/td>\n<td width=\"88\"><strong>SOUTH ICELAND OPEN<\/strong><\/td>\n<td width=\"64\"><strong>TIME<\/strong><\/td>\n<td width=\"89\"><strong>OTHER EVENTS<\/strong><\/td>\n<\/tr>\n<tr>\n<td width=\"115\">November 18th<\/td>\n<td width=\"99\">Monday<\/td>\n<td width=\"64\"><\/td>\n<td width=\"185\">Arrivals of Participants<\/td>\n<td width=\"88\"><\/td>\n<td width=\"64\"><\/td>\n<td width=\"89\"><\/td>\n<\/tr>\n<tr>\n<td width=\"115\">November 18th<\/td>\n<td width=\"99\">Monday<\/td>\n<td width=\"64\"><\/td>\n<td width=\"185\"><\/td>\n<td width=\"88\"><\/td>\n<td width=\"64\"><strong>17:30<\/strong><\/td>\n<td width=\"89\">Chess in Iceland \u2013 Seminar and Panel Discussions<\/td>\n<\/tr>\n<tr>\n<td width=\"115\">November 18th<\/td>\n<td width=\"99\">Monday<\/td>\n<td width=\"64\"><strong>19:30<\/strong><\/td>\n<td width=\"185\">Drawing of lots and Opening Ceremony<\/td>\n<td width=\"88\"><\/td>\n<td width=\"64\"><\/td>\n<td width=\"89\"><\/td>\n<\/tr>\n<tr>\n<td width=\"115\">November 19th<\/td>\n<td width=\"99\">Tuesday<\/td>\n<td width=\"64\"><strong>17:00<\/strong><\/td>\n<td width=\"185\">1st round<\/td>\n<td width=\"88\"><\/td>\n<td width=\"64\"><\/td>\n<td width=\"89\"><\/td>\n<\/tr>\n<tr>\n<td width=\"115\">Wednesday 20th<\/td>\n<td width=\"99\">Wednesday<\/td>\n<td width=\"64\"><strong>17:00<\/strong><\/td>\n<td width=\"185\">2nd round<\/td>\n<td width=\"88\"><\/td>\n<td width=\"64\"><\/td>\n<td width=\"89\"><\/td>\n<\/tr>\n<tr>\n<td width=\"115\">November 21st<\/td>\n<td width=\"99\">Thursday<\/td>\n<td width=\"64\"><strong>17:00<\/strong><\/td>\n<td width=\"185\">3rd round<\/td>\n<td width=\"88\">1st round<\/td>\n<td width=\"64\"><\/td>\n<td width=\"89\"><\/td>\n<\/tr>\n<tr>\n<td width=\"115\">November 22nd<\/td>\n<td width=\"99\">Friday<\/td>\n<td width=\"64\"><strong>17:00<\/strong><\/td>\n<td width=\"185\">4th round<\/td>\n<td width=\"88\">2nd round<\/td>\n<td width=\"64\"><\/td>\n<td width=\"89\"><\/td>\n<\/tr>\n<tr>\n<td width=\"115\">November 23rd<\/td>\n<td width=\"99\">Saturday<\/td>\n<td width=\"64\"><\/td>\n<td width=\"185\"><\/td>\n<td width=\"88\"><\/td>\n<td width=\"64\"><strong>09:00-13:00<\/strong><\/p>\n<p>&nbsp;<\/p>\n<p><strong>10:30<\/strong><\/td>\n<td width=\"89\">The ECU School Chess Teacher Training Course (Sk\u00e1kkennaran\u00e1mskei\u00f0)<\/p>\n<p>Barnask\u00e1km\u00f3t. Hefst kl. 10:30 og l\u00fdkur um kl. 12:30<\/td>\n<\/tr>\n<tr>\n<td width=\"115\">November 23rd<\/td>\n<td width=\"99\">Saturday<\/td>\n<td width=\"64\"><\/td>\n<td width=\"185\"><\/td>\n<td width=\"88\"><\/td>\n<td width=\"64\"><strong>14:00<\/strong><\/td>\n<td width=\"89\">The Icelandic Fischer Random Chess Championship 2019<\/td>\n<\/tr>\n<tr>\n<td width=\"115\">November 23rd<\/td>\n<td width=\"99\">Saturday<\/td>\n<td width=\"64\"><\/td>\n<td width=\"185\"><\/td>\n<td width=\"88\"><\/td>\n<td width=\"64\"><strong>20:00<\/strong><\/td>\n<td width=\"89\">Pub Quiz<\/td>\n<\/tr>\n<tr>\n<td width=\"115\">November 24th<\/td>\n<td width=\"99\">Sunday<\/td>\n<td width=\"64\"><\/td>\n<td width=\"185\"><\/td>\n<td width=\"88\"><\/td>\n<td width=\"64\"><strong>09:00-12:30<\/strong><\/td>\n<td width=\"89\">Arbiters\u2019 Seminar (D\u00f3maran\u00e1mskei\u00f0)<\/td>\n<\/tr>\n<tr>\n<td width=\"115\">November 24th<\/td>\n<td width=\"99\">Sunday<\/td>\n<td width=\"64\"><strong>13:00<\/strong><\/td>\n<td width=\"185\">5th round<\/td>\n<td width=\"88\">3rd round<\/td>\n<td width=\"64\"><strong>11:00-17:00<\/strong><\/td>\n<td width=\"89\">The ECU School Chess Teacher Training Course (Sk\u00e1kkennaran\u00e1mskei\u00f0)<\/td>\n<\/tr>\n<tr>\n<td width=\"115\">November 24th<\/td>\n<td width=\"99\">Sunday<\/td>\n<td width=\"64\"><\/td>\n<td width=\"185\"><\/td>\n<td width=\"88\"><\/td>\n<td width=\"64\"><\/td>\n<td width=\"89\"><\/td>\n<\/tr>\n<tr>\n<td width=\"115\">November 25th<\/td>\n<td width=\"99\">Monday<\/td>\n<td width=\"64\"><strong>17:00<\/strong><\/td>\n<td width=\"185\">6th round<\/td>\n<td width=\"88\">4th round<\/td>\n<td width=\"64\"><\/td>\n<td width=\"89\"><\/td>\n<\/tr>\n<tr>\n<td width=\"115\">November 26th<\/td>\n<td width=\"99\">Tuesday<\/td>\n<td width=\"64\"><\/td>\n<td width=\"185\">Day off<\/td>\n<td width=\"88\">Day off<\/td>\n<td width=\"64\"><\/td>\n<td width=\"89\">Sightseeing<\/td>\n<\/tr>\n<tr>\n<td width=\"115\">November 26th<\/td>\n<td width=\"99\">Tuesday<\/td>\n<td width=\"64\"><strong>20:00<\/strong><\/td>\n<td width=\"185\">Blitz Tournament<\/td>\n<td width=\"88\"><\/td>\n<td width=\"64\"><\/td>\n<td width=\"89\"><\/td>\n<\/tr>\n<tr>\n<td width=\"115\">November 27th<\/td>\n<td width=\"99\">Wednesday<\/td>\n<td width=\"64\"><strong>17:00<\/strong><\/td>\n<td width=\"185\">7th round<\/td>\n<td width=\"88\">5th round<\/td>\n<td width=\"64\"><\/td>\n<td width=\"89\"><\/td>\n<\/tr>\n<tr>\n<td width=\"115\">November 28th<\/td>\n<td width=\"99\">Thursday<\/td>\n<td width=\"64\"><strong>17:00<\/strong><\/td>\n<td width=\"185\">8th round<\/td>\n<td width=\"88\">6th round<\/td>\n<td width=\"64\"><\/td>\n<td width=\"89\"><\/td>\n<\/tr>\n<tr>\n<td width=\"115\">November 29th<\/td>\n<td width=\"99\">Friday<\/td>\n<td width=\"64\"><strong>13:00<\/strong><\/td>\n<td width=\"185\">9th round<\/td>\n<td width=\"88\">7th round<\/td>\n<td width=\"64\"><\/td>\n<td width=\"89\"><\/td>\n<\/tr>\n<tr>\n<td width=\"115\">November 29th<\/td>\n<td width=\"99\">Friday<\/td>\n<td width=\"64\"><strong>19:00<\/strong><\/td>\n<td width=\"185\">Closing Ceremony<\/td>\n<td width=\"88\">Closing Ceremony<\/td>\n<td width=\"64\"><\/td>\n<td width=\"89\"><\/td>\n<\/tr>\n<tr>\n<td width=\"115\">November 30th<\/td>\n<td width=\"99\">Saturday<\/td>\n<td width=\"64\"><\/td>\n<td width=\"185\">Departure<\/td>\n<td width=\"88\"><\/td>\n<td width=\"64\"><\/td>\n<td width=\"89\"><\/td>\n<\/tr>\n<\/tbody>\n<\/table>\n","protected":false},"excerpt":{"rendered":"<p>DATE TIME WORLD CHAMPIONS TOURNAMENT SOUTH ICELAND OPEN TIME OTHER EVENTS November 18th Monday Arrivals of Participants November 18th Monday 17:30 Chess in Iceland \u2013 Seminar and Panel Discussions November 18th Monday 19:30 Drawing of lots and Opening Ceremony November 19th Tuesday 17:00 1st round Wednesday 20th Wednesday 17:00 2nd round November 21st Thursday 17:00 [&hellip;]<\/p>\n","protected":false},"author":2,"featured_media":0,"parent":0,"menu_order":0,"comment_status":"closed","ping_status":"closed","template":"","meta":[],"_links":{"self":[{"href":"https:\/\/sson.is\/selfoss-chess-festival\/wp-json\/wp\/v2\/pages\/73"}],"collection":[{"href":"https:\/\/sson.is\/selfoss-chess-festival\/wp-json\/wp\/v2\/pages"}],"about":[{"href":"https:\/\/sson.is\/selfoss-chess-festival\/wp-json\/wp\/v2\/types\/page"}],"author":[{"embeddable":true,"href":"https:\/\/sson.is\/selfoss-chess-festival\/wp-json\/wp\/v2\/users\/2"}],"replies":[{"embeddable":true,"href":"https:\/\/sson.is\/selfoss-chess-festival\/wp-json\/wp\/v2\/comments?post=73"}],"version-history":[{"count":53,"href":"https:\/\/sson.is\/selfoss-chess-festival\/wp-json\/wp\/v2\/pages\/73\/revisions"}],"predecessor-version":[{"id":337,"href":"https:\/\/sson.is\/selfoss-chess-festival\/wp-json\/wp\/v2\/pages\/73\/revisions\/337"}],"wp:attachment":[{"href":"https:\/\/sson.is\/selfoss-chess-festival\/wp-json\/wp\/v2\/media?parent=73"}],"curies":[{"name":"wp","href":"https:\/\/api.w.org\/{rel}","templated":true}]}}