{"id":58,"date":"2019-09-10T11:25:07","date_gmt":"2019-09-10T11:25:07","guid":{"rendered":"https:\/\/sson.is\/selfoss-chess-festival\/?page_id=58"},"modified":"2019-11-21T18:02:48","modified_gmt":"2019-11-21T18:02:48","slug":"live-games","status":"publish","type":"page","link":"https:\/\/sson.is\/selfoss-chess-festival\/live-games\/","title":{"rendered":"LIVE games"},"content":{"rendered":"<h3 style=\"text-align: left;\"><strong>Live Commentary<\/strong><\/h3>\n<p>Live commentary on FM Ingvar Johannesson\u2019s Twitch channel here:<\/p>\n<ul>\n<li><a href=\"https:\/\/sson.is\/selfoss-chess-festival\/live-games\/live-commentary\/\" rel=\"noopener noreferrer\">Live Commentary with FM Ingvar \u00de\u00f3r J\u00f3hannesson<\/a><\/li>\n<li><a href=\"http:\/\/www.twitch.tv\/zibbit64\" target=\"_blank\" rel=\"noopener noreferrer\">http:\/\/www.twitch.tv\/zibbit64<\/a><\/li>\n<\/ul>\n<h3 style=\"text-align: left;\"><strong>Live Games<\/strong><\/h3>\n<h5 style=\"text-align: left;\"><strong>World Champions Group<\/strong><\/h5>\n<ul>\n<li style=\"text-align: left;\"><a href=\"https:\/\/sson.is\/selfoss-chess-festival\/live-games\/world-champions-group-chess24\/\">Chess24<\/a><\/li>\n<li style=\"text-align: left;\"><a href=\"https:\/\/sson.is\/selfoss-chess-festival\/live-games\/chessbomb\/\">Chessbomb<\/a><\/li>\n<li style=\"text-align: left;\"><a href=\"http:\/\/live.chess.is\/2019\/Selfoss2019\/\" target=\"_blank\" rel=\"noopener noreferrer\">Live.chess.is<\/a> (Small screens)<\/li>\n<\/ul>\n<h5 style=\"text-align: left;\"><strong>South Open<\/strong><\/h5>\n<ul>\n<li style=\"text-align: left;\"><a href=\"https:\/\/sson.is\/selfoss-chess-festival\/live-games\/south-open-chess24\/\">Chess24<\/a><\/li>\n<\/ul>\n<h4 style=\"text-align: left;\"><\/h4>\n<p style=\"text-align: left;\">\n","protected":false},"excerpt":{"rendered":"<p>Live Commentary Live commentary on FM Ingvar Johannesson\u2019s Twitch channel here: Live Commentary with FM Ingvar \u00de\u00f3r J\u00f3hannesson http:\/\/www.twitch.tv\/zibbit64 Live Games World Champions Group Chess24 Chessbomb Live.chess.is (Small screens) South Open Chess24<\/p>\n","protected":false},"author":2,"featured_media":0,"parent":0,"menu_order":0,"comment_status":"closed","ping_status":"closed","template":"","meta":[],"_links":{"self":[{"href":"https:\/\/sson.is\/selfoss-chess-festival\/wp-json\/wp\/v2\/pages\/58"}],"collection":[{"href":"https:\/\/sson.is\/selfoss-chess-festival\/wp-json\/wp\/v2\/pages"}],"about":[{"href":"https:\/\/sson.is\/selfoss-chess-festival\/wp-json\/wp\/v2\/types\/page"}],"author":[{"embeddable":true,"href":"https:\/\/sson.is\/selfoss-chess-festival\/wp-json\/wp\/v2\/users\/2"}],"replies":[{"embeddable":true,"href":"https:\/\/sson.is\/selfoss-chess-festival\/wp-json\/wp\/v2\/comments?post=58"}],"version-history":[{"count":21,"href":"https:\/\/sson.is\/selfoss-chess-festival\/wp-json\/wp\/v2\/pages\/58\/revisions"}],"predecessor-version":[{"id":695,"href":"https:\/\/sson.is\/selfoss-chess-festival\/wp-json\/wp\/v2\/pages\/58\/revisions\/695"}],"wp:attachment":[{"href":"https:\/\/sson.is\/selfoss-chess-festival\/wp-json\/wp\/v2\/media?parent=58"}],"curies":[{"name":"wp","href":"https:\/\/api.w.org\/{rel}","templated":true}]}}