{"id":49,"date":"2019-09-10T11:22:22","date_gmt":"2019-09-10T11:22:22","guid":{"rendered":"https:\/\/sson.is\/selfoss-chess-festival\/?page_id=49"},"modified":"2019-10-14T13:22:16","modified_gmt":"2019-10-14T13:22:16","slug":"participants","status":"publish","type":"page","link":"https:\/\/sson.is\/selfoss-chess-festival\/participants\/","title":{"rendered":"Participants in Selfoss Chess Festival 2019"},"content":{"rendered":"<table style=\"height: 466px\" width=\"849\">\n<tbody>\n<tr>\n<td>\n<h5>Title<\/h5>\n<\/td>\n<td>\n<h5>Name<\/h5>\n<\/td>\n<td>\n<h5>Country<\/h5>\n<\/td>\n<td>\n<h5>Elo<\/h5>\n<\/td>\n<td>\n<h5>World champion title\/ year<\/h5>\n<\/td>\n<\/tr>\n<tr>\n<td><span style=\"font-weight: 400\">GM<\/span><\/td>\n<td><b>H\u00e9\u00f0inn Steingr\u00edmsson<\/b><\/td>\n<td><span style=\"font-weight: 400\">Iceland<\/span><\/td>\n<td><span style=\"font-weight: 400\">2548<\/span><\/td>\n<td><span style=\"font-weight: 400\">U12\/ 1987<\/span><\/td>\n<\/tr>\n<tr>\n<td><span style=\"font-weight: 400\">GM<\/span><\/td>\n<td><b>Mikhail Antipov<\/b><\/td>\n<td><span style=\"font-weight: 400\">Russia<\/span><\/td>\n<td><span style=\"font-weight: 400\">2588<\/span><\/td>\n<td><span style=\"font-weight: 400\">U20\/ 2015<\/span><\/td>\n<\/tr>\n<tr>\n<td><span style=\"font-weight: 400\">IM<\/span><\/td>\n<td><b>Semyon Lomasov<\/b><\/td>\n<td><span style=\"font-weight: 400\">Russia<\/span><\/td>\n<td><span style=\"font-weight: 400\">2549<\/span><\/td>\n<td><span style=\"font-weight: 400\">U14\/ 2016<\/span><\/td>\n<\/tr>\n<tr>\n<td><span style=\"font-weight: 400\">WGM<\/span><\/td>\n<td><b>Dinara Saduakassova<\/b><\/td>\n<td><span style=\"font-weight: 400\">Kazakstan<\/span><\/td>\n<td><span style=\"font-weight: 400\">2481<\/span><\/td>\n<td><span style=\"font-weight: 400\">U14\/ 2010, u18\/2014,\u00a0 u20\/2016<\/span><\/td>\n<\/tr>\n<tr>\n<td><span style=\"font-weight: 400\">GM<\/span><\/td>\n<td><b>Hannes Stef\u00e1nsson<\/b><\/td>\n<td><span style=\"font-weight: 400\">Iceland<\/span><\/td>\n<td><span style=\"font-weight: 400\">2538<\/span><\/td>\n<td><span style=\"font-weight: 400\">U16\/ 1987<\/span><\/td>\n<\/tr>\n<tr>\n<td><span style=\"font-weight: 400\">GM<\/span><\/td>\n<td><b>Helgi \u00c1. Gr\u00e9tarsson<\/b><\/td>\n<td><span style=\"font-weight: 400\">Iceland<\/span><\/td>\n<td><span style=\"font-weight: 400\">2410<\/span><\/td>\n<td><span style=\"font-weight: 400\">U20\/ 1994<\/span><\/td>\n<\/tr>\n<tr>\n<td><span style=\"font-weight: 400\">WGM<\/span><\/td>\n<td><b>Sarasadat Khademalsharie\u00a0<\/b><\/td>\n<td><span style=\"font-weight: 400\">Iran<\/span><\/td>\n<td><span style=\"font-weight: 400\">2491<\/span><\/td>\n<td><span style=\"font-weight: 400\">U12\/ 2009, U16 blitz world champion<\/span><\/td>\n<\/tr>\n<tr>\n<td><span style=\"font-weight: 400\">GM<\/span><\/td>\n<td><b>Sergei Zhigalko<\/b><\/td>\n<td><span style=\"font-weight: 400\">Belarus<\/span><\/td>\n<td><span style=\"font-weight: 400\">2574<\/span><\/td>\n<td><span style=\"font-weight: 400\">U14\/ 2003<\/span><\/td>\n<\/tr>\n<tr>\n<td>GM<\/td>\n<td><strong>Ahmed <\/strong><strong>Adly\u00a0<\/strong><\/td>\n<td>Egypt<\/td>\n<td>2636<\/td>\n<td>U20\/2007<\/td>\n<\/tr>\n<tr>\n<td>GM<\/td>\n<td><strong><b>Rafael Leit\u00e3o<\/b><\/strong><\/td>\n<td>Brazil<\/td>\n<td>2606<\/td>\n<td>U12\/1991, U18 1996<\/td>\n<\/tr>\n<\/tbody>\n<\/table>\n","protected":false},"excerpt":{"rendered":"<p>Title Name Country Elo World champion title\/ year GM H\u00e9\u00f0inn Steingr\u00edmsson Iceland 2548 U12\/ 1987 GM Mikhail Antipov Russia 2588 U20\/ 2015 IM Semyon Lomasov Russia 2549 U14\/ 2016 WGM Dinara Saduakassova Kazakstan 2481 U14\/ 2010, u18\/2014,\u00a0 u20\/2016 GM Hannes Stef\u00e1nsson Iceland 2538 U16\/ 1987 GM Helgi \u00c1. Gr\u00e9tarsson Iceland 2410 U20\/ 1994 WGM Sarasadat [&hellip;]<\/p>\n","protected":false},"author":2,"featured_media":0,"parent":0,"menu_order":0,"comment_status":"closed","ping_status":"closed","template":"","meta":[],"_links":{"self":[{"href":"https:\/\/sson.is\/selfoss-chess-festival\/wp-json\/wp\/v2\/pages\/49"}],"collection":[{"href":"https:\/\/sson.is\/selfoss-chess-festival\/wp-json\/wp\/v2\/pages"}],"about":[{"href":"https:\/\/sson.is\/selfoss-chess-festival\/wp-json\/wp\/v2\/types\/page"}],"author":[{"embeddable":true,"href":"https:\/\/sson.is\/selfoss-chess-festival\/wp-json\/wp\/v2\/users\/2"}],"replies":[{"embeddable":true,"href":"https:\/\/sson.is\/selfoss-chess-festival\/wp-json\/wp\/v2\/comments?post=49"}],"version-history":[{"count":15,"href":"https:\/\/sson.is\/selfoss-chess-festival\/wp-json\/wp\/v2\/pages\/49\/revisions"}],"predecessor-version":[{"id":239,"href":"https:\/\/sson.is\/selfoss-chess-festival\/wp-json\/wp\/v2\/pages\/49\/revisions\/239"}],"wp:attachment":[{"href":"https:\/\/sson.is\/selfoss-chess-festival\/wp-json\/wp\/v2\/media?parent=49"}],"curies":[{"name":"wp","href":"https:\/\/api.w.org\/{rel}","templated":true}]}}