{"id":102,"date":"2019-09-21T19:56:40","date_gmt":"2019-09-21T19:56:40","guid":{"rendered":"https:\/\/sson.is\/selfoss-chess-festival\/?page_id=102"},"modified":"2019-09-23T17:58:37","modified_gmt":"2019-09-23T17:58:37","slug":"organizing-committee","status":"publish","type":"page","link":"https:\/\/sson.is\/selfoss-chess-festival\/organizing-committee\/","title":{"rendered":"Organizing Committee"},"content":{"rendered":"<div id=\"td_uid_1_69e3792104fa2\" class=\"tdc-zone\"><div class=\"tdc_zone td_uid_1_69e3792104fab_rand  wpb_row td-pb-row\"  >\n<style scoped>\n\n\/* custom css *\/\n.td_uid_1_69e3792104fab_rand {\r\n                    min-height: 0;\r\n                }\n<\/style><div id=\"td_uid_2_69e37921051e4\" class=\"tdc-row\"><div class=\"vc_row td_uid_2_69e37921051e8_rand  wpb_row td-pb-row\" >\n<style scoped>\n\n\/* custom css *\/\n.td_uid_2_69e37921051e8_rand {\r\n                    min-height: 0;\r\n                }\n<\/style><div class=\"vc_column td_uid_3_69e379210531b_rand  wpb_column vc_column_container tdc-column td-pb-span12\">\n<style scoped>\n\n\/* custom css *\/\n.td_uid_3_69e379210531b_rand {\r\n                    vertical-align: baseline;\r\n                }\n<\/style><div class=\"wpb_wrapper\"><div class=\"td_block_wrap td_block_image_box td_uid_4_69e379210548a_rand td-pb-border-top td_block_template_1\"  data-td-block-uid=\"td_uid_4_69e379210548a\" >\n<style>\n\/* custom css *\/\n.td_uid_4_69e379210548a_rand.td_block_image_box div .td-custom-image a {\r\n\t\t\t\t\theight: 450px;\r\n\t\t\t\t}\r\n\t\t\t\t\r\n\t\t\t\t.td_uid_4_69e379210548a_rand .td-image-box-row {\r\n\t\t\t\t    margin-left: -10px;\r\n\t\t\t\t    margin-right: -10px;\r\n\t\t\t\t}\r\n\t\t\t\t.td_uid_4_69e379210548a_rand .td-image-box-span {\r\n\t\t\t\t\tpadding-left: 10px;\r\n\t\t\t\t\tpadding-right: 10px;\r\n\t\t\t\t}\r\n\t\t\t\t.td_uid_4_69e379210548a_rand.td-box-vertical .td-image-box-span {\r\n\t\t\t\t    margin-bottom: 10px;\r\n\t\t\t\t}\r\n\t\t\t\t\r\n\t\t\t\t\r\n\t\t\t\t\r\n\t\t\t\t.td_uid_4_69e379210548a_rand .entry-title {\r\n\t\t\t\t\tfont-family:Verdana, Geneva, sans-serif !important;font-weight:900 !important;\r\n\t\t\t\t}\n<\/style><div class=\"td-block-title-wrap\"><h4 class=\"block-title td-block-title\"><span class=\"td-pulldown-size\">Selfoss Chess Festival - Organizing Committee<\/span><\/h4><\/div><div class=\"td-image-box-row td-tiny-image\"><div class=\"td-image-box-span\"><div class=\"td-custom\"><div class=\"td-custom-image td-no-img-custom-url\"><a style=\"background-image: url('https:\/\/sson.is\/selfoss-chess-festival\/wp-content\/uploads\/sites\/2\/2019\/09\/Oddgeir_Agust.png');\" href=\"#\"  rel=\"bookmark\" title=\"Oddgeir \u00c1g\u00fast Ottesen - Chairman\"><\/a><\/div><div class=\"td-custom-title\"><h3 class=\"entry-title\"><a href=\"#\">Oddgeir \u00c1g\u00fast Ottesen - Chairman<\/a><\/h3><\/div><\/div><\/div><div class=\"td-image-box-span\"><div class=\"td-custom\"><div class=\"td-custom-image td-no-img-custom-url\"><a style=\"background-image: url('https:\/\/sson.is\/selfoss-chess-festival\/wp-content\/uploads\/sites\/2\/2019\/09\/Gudni-Agustsson.png');\" href=\"#\"  rel=\"bookmark\" title=\"Gu\u00f0ni \u00c1g\u00fastsson\"><\/a><\/div><div class=\"td-custom-title\"><h3 class=\"entry-title\"><a href=\"#\">Gu\u00f0ni \u00c1g\u00fastsson<\/a><\/h3><\/div><\/div><\/div><div class=\"td-image-box-span\"><div class=\"td-custom\"><div class=\"td-custom-image td-no-img-custom-url\"><a style=\"background-image: url('https:\/\/sson.is\/selfoss-chess-festival\/wp-content\/uploads\/sites\/2\/2019\/09\/14047205_10154525588176180_3330906892941936861_o.jpg');\" href=\"#\"  rel=\"bookmark\" title=\"Ingibj\u00f6rg Edda Birgisd\u00f3ttir\"><\/a><\/div><div class=\"td-custom-title\"><h3 class=\"entry-title\"><a href=\"#\">Ingibj\u00f6rg Edda Birgisd\u00f3ttir<\/a><\/h3><\/div><\/div><\/div><div class=\"td-image-box-span\"><div class=\"td-custom\"><div class=\"td-custom-image td-no-img-custom-url\"><a style=\"background-image: url('https:\/\/sson.is\/selfoss-chess-festival\/wp-content\/uploads\/sites\/2\/2019\/09\/Hrafn-Jokulsson.jpg');\" href=\"#\"  rel=\"bookmark\" title=\"Hrafn J\u00f6kulsson\"><\/a><\/div><div class=\"td-custom-title\"><h3 class=\"entry-title\"><a href=\"#\">Hrafn J\u00f6kulsson<\/a><\/h3><\/div><\/div><\/div><\/div><\/div><div class=\"td_block_wrap td_block_image_box td_uid_5_69e3792106c60_rand td-pb-border-top td_block_template_1\"  data-td-block-uid=\"td_uid_5_69e3792106c60\" >\n<style>\n\/* custom css *\/\n.td_uid_5_69e3792106c60_rand.td_block_image_box div .td-custom-image a {\r\n\t\t\t\t\theight: 450px;\r\n\t\t\t\t}\r\n\t\t\t\t\r\n\t\t\t\t.td_uid_5_69e3792106c60_rand .td-image-box-row {\r\n\t\t\t\t    margin-left: -10px;\r\n\t\t\t\t    margin-right: -10px;\r\n\t\t\t\t}\r\n\t\t\t\t.td_uid_5_69e3792106c60_rand .td-image-box-span {\r\n\t\t\t\t\tpadding-left: 10px;\r\n\t\t\t\t\tpadding-right: 10px;\r\n\t\t\t\t}\r\n\t\t\t\t.td_uid_5_69e3792106c60_rand.td-box-vertical .td-image-box-span {\r\n\t\t\t\t    margin-bottom: 10px;\r\n\t\t\t\t}\r\n\t\t\t\t\r\n\t\t\t\t\r\n\t\t\t\t\r\n\t\t\t\t.td_uid_5_69e3792106c60_rand .entry-title {\r\n\t\t\t\t\tfont-family:Verdana, Geneva, sans-serif !important;font-weight:900 !important;\r\n\t\t\t\t}\n<\/style><div class=\"td-block-title-wrap\"><\/div><div class=\"td-image-box-row td-small-image\"><div class=\"td-image-box-span\"><div class=\"td-custom\"><div class=\"td-custom-image td-no-img-custom-url\"><a style=\"background-image: url('https:\/\/sson.is\/selfoss-chess-festival\/wp-content\/uploads\/sites\/2\/2019\/09\/R\u00f3bert-Lagerman.jpg');\" href=\"#\"  rel=\"bookmark\" title=\"R\u00f3bert Lagerman\"><\/a><\/div><div class=\"td-custom-title\"><h3 class=\"entry-title\"><a href=\"#\">R\u00f3bert Lagerman<\/a><\/h3><\/div><\/div><\/div><div class=\"td-image-box-span\"><div class=\"td-custom\"><div class=\"td-custom-image td-no-img-custom-url\"><a style=\"background-image: url('https:\/\/sson.is\/selfoss-chess-festival\/wp-content\/uploads\/sites\/2\/2019\/09\/2019-09-23_1540.png');\" href=\"#\"  rel=\"bookmark\" title=\"Eyj\u00f3lfur \u00c1rmannsson\"><\/a><\/div><div class=\"td-custom-title\"><h3 class=\"entry-title\"><a href=\"#\">Eyj\u00f3lfur \u00c1rmannsson<\/a><\/h3><\/div><\/div><\/div><div class=\"td-image-box-span\"><div class=\"td-custom\"><div class=\"td-custom-image td-no-img-custom-url\"><a style=\"background-image: url('https:\/\/sson.is\/selfoss-chess-festival\/wp-content\/uploads\/sites\/2\/2019\/09\/Bjorgvin.png');\" href=\"#\"  rel=\"bookmark\" title=\"Bj\u00f6rgvin S. Gu\u00f0mundsson\"><\/a><\/div><div class=\"td-custom-title\"><h3 class=\"entry-title\"><a href=\"#\">Bj\u00f6rgvin S. Gu\u00f0mundsson<\/a><\/h3><\/div><\/div><\/div><\/div><\/div><\/div><\/div><\/div><\/div><\/div><\/div>","protected":false},"excerpt":{"rendered":"","protected":false},"author":2,"featured_media":0,"parent":0,"menu_order":0,"comment_status":"closed","ping_status":"closed","template":"","meta":[],"_links":{"self":[{"href":"https:\/\/sson.is\/selfoss-chess-festival\/wp-json\/wp\/v2\/pages\/102"}],"collection":[{"href":"https:\/\/sson.is\/selfoss-chess-festival\/wp-json\/wp\/v2\/pages"}],"about":[{"href":"https:\/\/sson.is\/selfoss-chess-festival\/wp-json\/wp\/v2\/types\/page"}],"author":[{"embeddable":true,"href":"https:\/\/sson.is\/selfoss-chess-festival\/wp-json\/wp\/v2\/users\/2"}],"replies":[{"embeddable":true,"href":"https:\/\/sson.is\/selfoss-chess-festival\/wp-json\/wp\/v2\/comments?post=102"}],"version-history":[{"count":13,"href":"https:\/\/sson.is\/selfoss-chess-festival\/wp-json\/wp\/v2\/pages\/102\/revisions"}],"predecessor-version":[{"id":222,"href":"https:\/\/sson.is\/selfoss-chess-festival\/wp-json\/wp\/v2\/pages\/102\/revisions\/222"}],"wp:attachment":[{"href":"https:\/\/sson.is\/selfoss-chess-festival\/wp-json\/wp\/v2\/media?parent=102"}],"curies":[{"name":"wp","href":"https:\/\/api.w.org\/{rel}","templated":true}]}}